


{"id":20,"date":"2021-06-22T11:45:33","date_gmt":"2021-06-22T14:45:33","guid":{"rendered":"http:\/\/memoriaambiental.org\/?page_id=20"},"modified":"2022-06-01T15:11:22","modified_gmt":"2022-06-01T18:11:22","slug":"apoie","status":"publish","type":"page","link":"https:\/\/memoriaambiental.org\/es\/apoie\/","title":{"rendered":"Apoya"},"content":{"rendered":"<h2>\u00bfPor qu\u00e9 apoyar?<\/h2>\n<p><strong>Toda e qualquer atividade humana causa um impacto no ambiente, que pode ser negativo ou positivo.<\/strong><\/p>\n<p>Entre los principales impactos ambientales negativos causados por el hombre, podemos mencionar la disminuci\u00f3n de los manantiales, extinci\u00f3n de especies, inundaciones, erosiones, contaminaci\u00f3n, cambios clim\u00e1ticos, destrucci\u00f3n de la capa de ozono, lluvia \u00e1cida, aumento del efecto invernadero  y destrucci\u00f3n de h\u00e1bitats.<\/p>\n<p>Transformar la realidad de otras comunidades est\u00e1 a nuestro alcance.<br \/>\n\u00a1Colabora y apoya a un Laboratorio de Memorias!<\/p>","protected":false},"excerpt":{"rendered":"<p>Por que apoiar? Toda e qualquer atividade humana causa um impacto no ambiente, que pode ser negativo ou positivo. Dentre os principais impactos ambientais negativos causados pelo homem, podemos citar a diminui\u00e7\u00e3o dos mananciais, extin\u00e7\u00e3o de esp\u00e9cies, inunda\u00e7\u00f5es, eros\u00f5es, polui\u00e7\u00e3o, mudan\u00e7as clim\u00e1ticas, destrui\u00e7\u00e3o da camada de oz\u00f4nio, chuva \u00e1cida, agravamento do efeito estufa e destrui\u00e7\u00e3o &hellip; <a href=\"https:\/\/memoriaambiental.org\/es\/apoie\/\" class=\"more-link\">Continue reading <span class=\"screen-reader-text\">Apoya<\/span><\/a><\/p>","protected":false},"author":1,"featured_media":0,"parent":0,"menu_order":0,"comment_status":"closed","ping_status":"closed","template":"","meta":{"_acf_changed":false,"footnotes":""},"class_list":["post-20","page","type-page","status-publish","hentry"],"acf":[],"_links":{"self":[{"href":"https:\/\/memoriaambiental.org\/es\/wp-json\/wp\/v2\/pages\/20","targetHints":{"allow":["GET"]}}],"collection":[{"href":"https:\/\/memoriaambiental.org\/es\/wp-json\/wp\/v2\/pages"}],"about":[{"href":"https:\/\/memoriaambiental.org\/es\/wp-json\/wp\/v2\/types\/page"}],"author":[{"embeddable":true,"href":"https:\/\/memoriaambiental.org\/es\/wp-json\/wp\/v2\/users\/1"}],"replies":[{"embeddable":true,"href":"https:\/\/memoriaambiental.org\/es\/wp-json\/wp\/v2\/comments?post=20"}],"version-history":[{"count":10,"href":"https:\/\/memoriaambiental.org\/es\/wp-json\/wp\/v2\/pages\/20\/revisions"}],"predecessor-version":[{"id":381,"href":"https:\/\/memoriaambiental.org\/es\/wp-json\/wp\/v2\/pages\/20\/revisions\/381"}],"wp:attachment":[{"href":"https:\/\/memoriaambiental.org\/es\/wp-json\/wp\/v2\/media?parent=20"}],"curies":[{"name":"wp","href":"https:\/\/api.w.org\/{rel}","templated":true}]}}